{"id":201,"date":"2020-07-14T16:15:15","date_gmt":"2020-07-14T16:15:15","guid":{"rendered":"https:\/\/venice8loft.it\/?page_id=201"},"modified":"2020-10-23T13:54:29","modified_gmt":"2020-10-23T13:54:29","slug":"posizione","status":"publish","type":"page","link":"https:\/\/venice8loft.it\/it\/posizione\/","title":{"rendered":"POSIZIONE"},"content":{"rendered":"\t\t<div data-elementor-type=\"wp-page\" data-elementor-id=\"201\" class=\"elementor elementor-201\">\n\t\t\t\t\t\t<div class=\"elementor-inner\">\n\t\t\t\t<div class=\"elementor-section-wrap\">\n\t\t\t\t\t\t\t\t\t<section class=\"elementor-section elementor-top-section elementor-element elementor-element-083cf9b elementor-section-height-min-height elementor-section-items-stretch elementor-section-full_width elementor-section-height-default\" data-id=\"083cf9b\" data-element_type=\"section\">\n\t\t\t\t\t\t<div class=\"elementor-container elementor-column-gap-narrow\">\n\t\t\t\t\t\t\t<div class=\"elementor-row\">\n\t\t\t\t\t<div class=\"elementor-column elementor-col-100 elementor-top-column elementor-element elementor-element-f565cd1\" data-id=\"f565cd1\" data-element_type=\"column\" data-settings=\"{&quot;background_background&quot;:&quot;classic&quot;}\">\n\t\t\t<div class=\"elementor-column-wrap elementor-element-populated\">\n\t\t\t\t\t\t\t<div class=\"elementor-widget-wrap\">\n\t\t\t\t\t\t<div class=\"elementor-element elementor-element-e327a2b elementor-widget elementor-widget-heading\" data-id=\"e327a2b\" data-element_type=\"widget\" data-widget_type=\"heading.default\">\n\t\t\t\t<div class=\"elementor-widget-container\">\n\t\t\t<h1 class=\"elementor-heading-title elementor-size-large\">POSIZIONE<\/h1>\t\t<\/div>\n\t\t\t\t<\/div>\n\t\t\t\t\t\t<\/div>\n\t\t\t\t\t<\/div>\n\t\t<\/div>\n\t\t\t\t\t\t\t\t<\/div>\n\t\t\t\t\t<\/div>\n\t\t<\/section>\n\t\t\t\t<section class=\"elementor-section elementor-top-section elementor-element elementor-element-981192c elementor-section-boxed elementor-section-height-default elementor-section-height-default\" data-id=\"981192c\" data-element_type=\"section\">\n\t\t\t\t\t\t<div class=\"elementor-container elementor-column-gap-default\">\n\t\t\t\t\t\t\t<div class=\"elementor-row\">\n\t\t\t\t\t<div class=\"elementor-column elementor-col-100 elementor-top-column elementor-element elementor-element-2ce4aa6\" data-id=\"2ce4aa6\" data-element_type=\"column\">\n\t\t\t<div class=\"elementor-column-wrap elementor-element-populated\">\n\t\t\t\t\t\t\t<div class=\"elementor-widget-wrap\">\n\t\t\t\t\t\t<div class=\"elementor-element elementor-element-faed0a9 elementor-widget elementor-widget-text-editor\" data-id=\"faed0a9\" data-element_type=\"widget\" data-widget_type=\"text-editor.default\">\n\t\t\t\t<div class=\"elementor-widget-container\">\n\t\t\t\t\t\t\t\t<div class=\"elementor-text-editor elementor-clearfix\">\n\t\t\t\tIl sestiere prende il nome dall&#8217;antica chiesa di Santa Croce, il cui impianto originale risaliva al VII secolo e di cui resta solo una colonna attualmente incorporata nel muro che circonda i Giardini Papadopoli, a 5 minuti dalla residenza \u201c8 Loft\u201d. Il sestiere \u00e8 ben servito, ci sono diversi negozi nelle vicinanze e nel vicino Campo Santa Margherita \u00e8 possibile trovare le bancarelle del pesce, di frutta e della verdura, inoltre \u00e8 facilmente raggiungibile il supermercato Coop per tutte le vostre esigenze. Non potete perdervi il delizioso Campo San Giacomo dall\u2019Orio per un drink o una passeggiata, lo stupendo palazzo barocco di Ca\u2019 Pesaro sul Canal Grande ora sede della Galleria Internazionale d\u2019arte moderna e il Fontego dei Turchi, maestoso palazzo sul Canal Grande attualmente sede del Museo di Storia Naturale.\t\t\t\t\t<\/div>\n\t\t\t\t\t\t<\/div>\n\t\t\t\t<\/div>\n\t\t\t\t\t\t<\/div>\n\t\t\t\t\t<\/div>\n\t\t<\/div>\n\t\t\t\t\t\t\t\t<\/div>\n\t\t\t\t\t<\/div>\n\t\t<\/section>\n\t\t\t\t<section class=\"elementor-section elementor-top-section elementor-element elementor-element-1100e1c elementor-section-height-min-height elementor-section-items-stretch elementor-section-full_width elementor-section-height-default\" data-id=\"1100e1c\" data-element_type=\"section\">\n\t\t\t\t\t\t<div class=\"elementor-container elementor-column-gap-narrow\">\n\t\t\t\t\t\t\t<div class=\"elementor-row\">\n\t\t\t\t\t<div class=\"elementor-column elementor-col-100 elementor-top-column elementor-element elementor-element-0a0e3b8\" data-id=\"0a0e3b8\" data-element_type=\"column\">\n\t\t\t<div class=\"elementor-column-wrap elementor-element-populated\">\n\t\t\t\t\t\t\t<div class=\"elementor-widget-wrap\">\n\t\t\t\t\t\t<div class=\"elementor-element elementor-element-b3c2c74 elementor-widget elementor-widget-text-editor\" data-id=\"b3c2c74\" data-element_type=\"widget\" data-widget_type=\"text-editor.default\">\n\t\t\t\t<div class=\"elementor-widget-container\">\n\t\t\t\t\t\t\t\t<div class=\"elementor-text-editor elementor-clearfix\">\n\t\t\t\t<p><a href=\"mailto:info@venice8loft.com\" target=\"_blank\" rel=\"noopener\">info@venice8loft.com<\/a><\/p><div><a href=\"mailto:booking@venice8loft.com\" target=\"_blank\" rel=\"noopener\">booking@venice8loft.com<\/a>\u00a0<\/div><div>\u00a0<\/div><div>Tel. 3349837107<\/div>\t\t\t\t\t<\/div>\n\t\t\t\t\t\t<\/div>\n\t\t\t\t<\/div>\n\t\t\t\t\t\t<\/div>\n\t\t\t\t\t<\/div>\n\t\t<\/div>\n\t\t\t\t\t\t\t\t<\/div>\n\t\t\t\t\t<\/div>\n\t\t<\/section>\n\t\t\t\t<section class=\"elementor-section elementor-top-section elementor-element elementor-element-e963aeb elementor-section-height-min-height elementor-section-items-stretch elementor-section-full_width elementor-reverse-mobile elementor-section-height-default\" data-id=\"e963aeb\" data-element_type=\"section\">\n\t\t\t\t\t\t<div class=\"elementor-container elementor-column-gap-narrow\">\n\t\t\t\t\t\t\t<div class=\"elementor-row\">\n\t\t\t\t\t<div class=\"elementor-column elementor-col-50 elementor-top-column elementor-element elementor-element-a3c8ed1\" data-id=\"a3c8ed1\" data-element_type=\"column\">\n\t\t\t<div class=\"elementor-column-wrap elementor-element-populated\">\n\t\t\t\t\t\t\t<div class=\"elementor-widget-wrap\">\n\t\t\t\t\t\t<div class=\"elementor-element elementor-element-ab3e8bc elementor-widget elementor-widget-google_maps\" data-id=\"ab3e8bc\" data-element_type=\"widget\" data-widget_type=\"google_maps.default\">\n\t\t\t\t<div class=\"elementor-widget-container\">\n\t\t\t\t\t<div class=\"elementor-custom-embed\">\n\t\t\t<iframe frameborder=\"0\" scrolling=\"no\" marginheight=\"0\" marginwidth=\"0\"\n\t\t\t\t\tsrc=\"https:\/\/maps.google.com\/maps?q=rio%20ter%C3%A0%20dei%20pensieri%20venezia&#038;t=m&#038;z=16&#038;output=embed&#038;iwloc=near\"\n\t\t\t\t\ttitle=\"rio ter\u00e0 dei pensieri venezia\"\n\t\t\t\t\taria-label=\"rio ter\u00e0 dei pensieri venezia\"\n\t\t\t><\/iframe>\n\t\t<\/div>\n\t\t\t\t<\/div>\n\t\t\t\t<\/div>\n\t\t\t\t\t\t<\/div>\n\t\t\t\t\t<\/div>\n\t\t<\/div>\n\t\t\t\t<div class=\"elementor-column elementor-col-50 elementor-top-column elementor-element elementor-element-f513269\" data-id=\"f513269\" data-element_type=\"column\" data-settings=\"{&quot;background_background&quot;:&quot;classic&quot;}\">\n\t\t\t<div class=\"elementor-column-wrap elementor-element-populated\">\n\t\t\t\t\t\t\t<div class=\"elementor-widget-wrap\">\n\t\t\t\t\t\t<div class=\"elementor-element elementor-element-dd3e570 elementor-widget elementor-widget-text-editor\" data-id=\"dd3e570\" data-element_type=\"widget\" data-widget_type=\"text-editor.default\">\n\t\t\t\t<div class=\"elementor-widget-container\">\n\t\t\t\t\t\t\t\t<div class=\"elementor-text-editor elementor-clearfix\">\n\t\t\t\t<p>14km dall\u2019Aeroporto Marco Polo (bus Atvo per Piazzale Roma 20 minuti)<\/p><p>900m dalla Stazione Ferroviaria Santa Lucia (10 minuti a piedi)<\/p><p>5 minuti a piedi da Piazzale Roma terminal<\/p><p>2 km dalla Porto o Tronchetto (10 minuti Peoplemover)<\/p><p>San Marco 30 minuti a piedi, 25 in vaporetto<\/p><p>Accademia 20 minuti a piedi<\/p><p>Rialto 20 minuti a pieni o 15 minuti in vaporetto<\/p><p>5 km Lido di Venezia 40 minuti in vaporetto<\/p><p>150km Cortina<\/p>\t\t\t\t\t<\/div>\n\t\t\t\t\t\t<\/div>\n\t\t\t\t<\/div>\n\t\t\t\t\t\t<\/div>\n\t\t\t\t\t<\/div>\n\t\t<\/div>\n\t\t\t\t\t\t\t\t<\/div>\n\t\t\t\t\t<\/div>\n\t\t<\/section>\n\t\t\t\t\t\t\t\t\t<\/div>\n\t\t\t<\/div>\n\t\t\t\t\t<\/div>\n\t\t","protected":false},"excerpt":{"rendered":"<p>POSIZIONE Il sestiere prende il nome dall&#8217;antica chiesa di Santa Croce, il cui impianto originale risaliva al VII secolo e di cui resta solo una colonna attualmente incorporata nel muro che circonda i Giardini Papadopoli, a 5 minuti dalla residenza \u201c8 Loft\u201d. Il sestiere \u00e8 ben servito, ci sono diversi negozi nelle vicinanze e nel [&hellip;]<\/p>\n","protected":false},"author":1,"featured_media":0,"parent":0,"menu_order":0,"comment_status":"closed","ping_status":"closed","template":"elementor_header_footer","meta":[],"yoast_head":"<!-- This site is optimized with the Yoast SEO plugin v18.5.1 - https:\/\/yoast.com\/wordpress\/plugins\/seo\/ -->\n<title>POSIZIONE - 8loft<\/title>\n<meta name=\"robots\" content=\"index, follow, max-snippet:-1, max-image-preview:large, max-video-preview:-1\" \/>\n<link rel=\"canonical\" href=\"https:\/\/venice8loft.it\/it\/posizione\/\" \/>\n<meta property=\"og:locale\" content=\"it_IT\" \/>\n<meta property=\"og:type\" content=\"article\" \/>\n<meta property=\"og:title\" content=\"POSIZIONE - 8loft\" \/>\n<meta property=\"og:description\" content=\"POSIZIONE Il sestiere prende il nome dall&#8217;antica chiesa di Santa Croce, il cui impianto originale risaliva al VII secolo e di cui resta solo una colonna attualmente incorporata nel muro che circonda i Giardini Papadopoli, a 5 minuti dalla residenza \u201c8 Loft\u201d. Il sestiere \u00e8 ben servito, ci sono diversi negozi nelle vicinanze e nel [&hellip;]\" \/>\n<meta property=\"og:url\" content=\"https:\/\/venice8loft.it\/it\/posizione\/\" \/>\n<meta property=\"og:site_name\" content=\"8loft\" \/>\n<meta property=\"article:modified_time\" content=\"2020-10-23T13:54:29+00:00\" \/>\n<meta name=\"twitter:card\" content=\"summary_large_image\" \/>\n<meta name=\"twitter:label1\" content=\"Tempo di lettura stimato\" \/>\n\t<meta name=\"twitter:data1\" content=\"1 minuto\" \/>\n<script type=\"application\/ld+json\" class=\"yoast-schema-graph\">{\"@context\":\"https:\/\/schema.org\",\"@graph\":[{\"@type\":\"Organization\",\"@id\":\"https:\/\/www.venice8loft.it\/#organization\",\"name\":\"8Loft\",\"url\":\"https:\/\/www.venice8loft.it\/\",\"sameAs\":[],\"logo\":{\"@type\":\"ImageObject\",\"@id\":\"https:\/\/www.venice8loft.it\/#logo\",\"inLanguage\":\"it-IT\",\"url\":\"https:\/\/www.venice8loft.it\/wp-content\/uploads\/2020\/10\/icona8loft.jpg\",\"contentUrl\":\"https:\/\/www.venice8loft.it\/wp-content\/uploads\/2020\/10\/icona8loft.jpg\",\"width\":1109,\"height\":1109,\"caption\":\"8Loft\"},\"image\":{\"@id\":\"https:\/\/www.venice8loft.it\/#logo\"}},{\"@type\":\"WebSite\",\"@id\":\"https:\/\/www.venice8loft.it\/#website\",\"url\":\"https:\/\/www.venice8loft.it\/\",\"name\":\"8loft\",\"description\":\"Exclusive Residence\",\"publisher\":{\"@id\":\"https:\/\/www.venice8loft.it\/#organization\"},\"potentialAction\":[{\"@type\":\"SearchAction\",\"target\":{\"@type\":\"EntryPoint\",\"urlTemplate\":\"https:\/\/www.venice8loft.it\/?s={search_term_string}\"},\"query-input\":\"required name=search_term_string\"}],\"inLanguage\":\"it-IT\"},{\"@type\":\"WebPage\",\"@id\":\"https:\/\/venice8loft.it\/it\/posizione\/#webpage\",\"url\":\"https:\/\/venice8loft.it\/it\/posizione\/\",\"name\":\"POSIZIONE - 8loft\",\"isPartOf\":{\"@id\":\"https:\/\/www.venice8loft.it\/#website\"},\"datePublished\":\"2020-07-14T16:15:15+00:00\",\"dateModified\":\"2020-10-23T13:54:29+00:00\",\"breadcrumb\":{\"@id\":\"https:\/\/venice8loft.it\/it\/posizione\/#breadcrumb\"},\"inLanguage\":\"it-IT\",\"potentialAction\":[{\"@type\":\"ReadAction\",\"target\":[\"https:\/\/venice8loft.it\/it\/posizione\/\"]}]},{\"@type\":\"BreadcrumbList\",\"@id\":\"https:\/\/venice8loft.it\/it\/posizione\/#breadcrumb\",\"itemListElement\":[{\"@type\":\"ListItem\",\"position\":1,\"name\":\"Home\",\"item\":\"https:\/\/venice8loft.it\/it\/\"},{\"@type\":\"ListItem\",\"position\":2,\"name\":\"POSIZIONE\"}]}]}<\/script>\n<!-- \/ Yoast SEO plugin. -->","yoast_head_json":{"title":"POSIZIONE - 8loft","robots":{"index":"index","follow":"follow","max-snippet":"max-snippet:-1","max-image-preview":"max-image-preview:large","max-video-preview":"max-video-preview:-1"},"canonical":"https:\/\/venice8loft.it\/it\/posizione\/","og_locale":"it_IT","og_type":"article","og_title":"POSIZIONE - 8loft","og_description":"POSIZIONE Il sestiere prende il nome dall&#8217;antica chiesa di Santa Croce, il cui impianto originale risaliva al VII secolo e di cui resta solo una colonna attualmente incorporata nel muro che circonda i Giardini Papadopoli, a 5 minuti dalla residenza \u201c8 Loft\u201d. Il sestiere \u00e8 ben servito, ci sono diversi negozi nelle vicinanze e nel [&hellip;]","og_url":"https:\/\/venice8loft.it\/it\/posizione\/","og_site_name":"8loft","article_modified_time":"2020-10-23T13:54:29+00:00","twitter_card":"summary_large_image","twitter_misc":{"Tempo di lettura stimato":"1 minuto"},"schema":{"@context":"https:\/\/schema.org","@graph":[{"@type":"Organization","@id":"https:\/\/www.venice8loft.it\/#organization","name":"8Loft","url":"https:\/\/www.venice8loft.it\/","sameAs":[],"logo":{"@type":"ImageObject","@id":"https:\/\/www.venice8loft.it\/#logo","inLanguage":"it-IT","url":"https:\/\/www.venice8loft.it\/wp-content\/uploads\/2020\/10\/icona8loft.jpg","contentUrl":"https:\/\/www.venice8loft.it\/wp-content\/uploads\/2020\/10\/icona8loft.jpg","width":1109,"height":1109,"caption":"8Loft"},"image":{"@id":"https:\/\/www.venice8loft.it\/#logo"}},{"@type":"WebSite","@id":"https:\/\/www.venice8loft.it\/#website","url":"https:\/\/www.venice8loft.it\/","name":"8loft","description":"Exclusive Residence","publisher":{"@id":"https:\/\/www.venice8loft.it\/#organization"},"potentialAction":[{"@type":"SearchAction","target":{"@type":"EntryPoint","urlTemplate":"https:\/\/www.venice8loft.it\/?s={search_term_string}"},"query-input":"required name=search_term_string"}],"inLanguage":"it-IT"},{"@type":"WebPage","@id":"https:\/\/venice8loft.it\/it\/posizione\/#webpage","url":"https:\/\/venice8loft.it\/it\/posizione\/","name":"POSIZIONE - 8loft","isPartOf":{"@id":"https:\/\/www.venice8loft.it\/#website"},"datePublished":"2020-07-14T16:15:15+00:00","dateModified":"2020-10-23T13:54:29+00:00","breadcrumb":{"@id":"https:\/\/venice8loft.it\/it\/posizione\/#breadcrumb"},"inLanguage":"it-IT","potentialAction":[{"@type":"ReadAction","target":["https:\/\/venice8loft.it\/it\/posizione\/"]}]},{"@type":"BreadcrumbList","@id":"https:\/\/venice8loft.it\/it\/posizione\/#breadcrumb","itemListElement":[{"@type":"ListItem","position":1,"name":"Home","item":"https:\/\/venice8loft.it\/it\/"},{"@type":"ListItem","position":2,"name":"POSIZIONE"}]}]}},"_links":{"self":[{"href":"https:\/\/venice8loft.it\/it\/wp-json\/wp\/v2\/pages\/201"}],"collection":[{"href":"https:\/\/venice8loft.it\/it\/wp-json\/wp\/v2\/pages"}],"about":[{"href":"https:\/\/venice8loft.it\/it\/wp-json\/wp\/v2\/types\/page"}],"author":[{"embeddable":true,"href":"https:\/\/venice8loft.it\/it\/wp-json\/wp\/v2\/users\/1"}],"replies":[{"embeddable":true,"href":"https:\/\/venice8loft.it\/it\/wp-json\/wp\/v2\/comments?post=201"}],"version-history":[{"count":26,"href":"https:\/\/venice8loft.it\/it\/wp-json\/wp\/v2\/pages\/201\/revisions"}],"predecessor-version":[{"id":1144,"href":"https:\/\/venice8loft.it\/it\/wp-json\/wp\/v2\/pages\/201\/revisions\/1144"}],"wp:attachment":[{"href":"https:\/\/venice8loft.it\/it\/wp-json\/wp\/v2\/media?parent=201"}],"curies":[{"name":"wp","href":"https:\/\/api.w.org\/{rel}","templated":true}]}}