{"id":261,"date":"2020-07-15T12:29:36","date_gmt":"2020-07-15T12:29:36","guid":{"rendered":"https:\/\/venice8loft.it\/?page_id=261"},"modified":"2020-10-23T14:26:26","modified_gmt":"2020-10-23T14:26:26","slug":"great8","status":"publish","type":"page","link":"https:\/\/venice8loft.it\/it\/loft\/great8\/","title":{"rendered":"THE GREAT 8"},"content":{"rendered":"\t\t<div data-elementor-type=\"wp-page\" data-elementor-id=\"261\" class=\"elementor elementor-261\">\n\t\t\t\t\t\t<div class=\"elementor-inner\">\n\t\t\t\t<div class=\"elementor-section-wrap\">\n\t\t\t\t\t\t\t\t\t<section class=\"elementor-section elementor-top-section elementor-element elementor-element-1d4a0aa elementor-section-full_width elementor-section-height-min-height elementor-section-height-default elementor-section-items-middle elementor-invisible\" data-id=\"1d4a0aa\" data-element_type=\"section\" data-settings=\"{&quot;background_background&quot;:&quot;classic&quot;,&quot;animation&quot;:&quot;fadeIn&quot;}\">\n\t\t\t\t\t\t<div class=\"elementor-container elementor-column-gap-default\">\n\t\t\t\t\t\t\t<div class=\"elementor-row\">\n\t\t\t\t\t<div class=\"elementor-column elementor-col-100 elementor-top-column elementor-element elementor-element-45704df\" data-id=\"45704df\" data-element_type=\"column\">\n\t\t\t<div class=\"elementor-column-wrap elementor-element-populated\">\n\t\t\t\t\t\t\t<div class=\"elementor-widget-wrap\">\n\t\t\t\t\t\t<div class=\"elementor-element elementor-element-cafb372 elementor-widget elementor-widget-heading\" data-id=\"cafb372\" data-element_type=\"widget\" data-widget_type=\"heading.default\">\n\t\t\t\t<div class=\"elementor-widget-container\">\n\t\t\t<h1 class=\"elementor-heading-title elementor-size-large\">THE GREAT 8<\/h1>\t\t<\/div>\n\t\t\t\t<\/div>\n\t\t\t\t\t\t<\/div>\n\t\t\t\t\t<\/div>\n\t\t<\/div>\n\t\t\t\t\t\t\t\t<\/div>\n\t\t\t\t\t<\/div>\n\t\t<\/section>\n\t\t\t\t<section class=\"elementor-section elementor-top-section elementor-element elementor-element-889689f elementor-section-height-min-height elementor-section-items-stretch elementor-reverse-tablet elementor-reverse-mobile elementor-section-full_width elementor-section-height-default elementor-invisible\" data-id=\"889689f\" data-element_type=\"section\" data-settings=\"{&quot;animation&quot;:&quot;fadeIn&quot;}\">\n\t\t\t\t\t\t<div class=\"elementor-container elementor-column-gap-default\">\n\t\t\t\t\t\t\t<div class=\"elementor-row\">\n\t\t\t\t\t<div class=\"elementor-column elementor-col-50 elementor-top-column elementor-element elementor-element-7f64867\" data-id=\"7f64867\" data-element_type=\"column\" data-settings=\"{&quot;background_background&quot;:&quot;classic&quot;}\">\n\t\t\t<div class=\"elementor-column-wrap\">\n\t\t\t\t\t\t\t<div class=\"elementor-widget-wrap\">\n\t\t\t\t\t\t\t\t<\/div>\n\t\t\t\t\t<\/div>\n\t\t<\/div>\n\t\t\t\t<div class=\"elementor-column elementor-col-50 elementor-top-column elementor-element elementor-element-38bba10\" data-id=\"38bba10\" data-element_type=\"column\">\n\t\t\t<div class=\"elementor-column-wrap elementor-element-populated\">\n\t\t\t\t\t\t\t<div class=\"elementor-widget-wrap\">\n\t\t\t\t\t\t<div class=\"elementor-element elementor-element-551510b elementor-widget elementor-widget-text-editor\" data-id=\"551510b\" data-element_type=\"widget\" data-widget_type=\"text-editor.default\">\n\t\t\t\t<div class=\"elementor-widget-container\">\n\t\t\t\t\t\t\t\t<div class=\"elementor-text-editor elementor-clearfix\">\n\t\t\t\t<p><strong>The Great 8<\/strong><\/p><div><p>Quest\u2019appartamento di 74mq \u00e8 l\u2019ideale per famiglie, per chi cerca un soggiorno in piena comodit\u00e0 e per chi pernotta per lunghi periodi. Ha un ingresso privato ed \u00e8 dotato di tutti i comfort. Rilassatevi nell\u2019accogliente zona giorno con divano, Tv, tavolo e sedie da pranzo. La cucina \u00e8 super fornita di accessoria dotata di piano a induzione, microonde, lavastoviglie, frigorifero, freezer, bollitore, macchina del caff\u00e8, tostapane, piatti e stoviglie. Perfetta per soddisfare ogni vostra necessit\u00e0 in qualsiasi momento. Il bagno \u00e8 completo di servizi, doccia, phon, asciugamani e set cortesia. Se desiderate lavare dei capi c\u2019\u00e8 una comoda zona lavanderia con lavasciuga, stendino, ferro e tavola da stiro. Ha una terrazza esclusiva accessoriata dove potete rilassarvi comodamente all\u2019aria aperta. Alla fine della giornata i nostri letti di nuova concezione garantiranno il vostro sonno per svegliarvi freschi e riposati pronti per un&#8217;altra giornata di svago, cultura o lavoro.<\/p><\/div>\t\t\t\t\t<\/div>\n\t\t\t\t\t\t<\/div>\n\t\t\t\t<\/div>\n\t\t\t\t\t\t<\/div>\n\t\t\t\t\t<\/div>\n\t\t<\/div>\n\t\t\t\t\t\t\t\t<\/div>\n\t\t\t\t\t<\/div>\n\t\t<\/section>\n\t\t\t\t<section class=\"elementor-section elementor-top-section elementor-element elementor-element-23aecfc elementor-section-full_width elementor-section-height-default elementor-section-height-default\" data-id=\"23aecfc\" data-element_type=\"section\">\n\t\t\t\t\t\t<div class=\"elementor-container elementor-column-gap-default\">\n\t\t\t\t\t\t\t<div class=\"elementor-row\">\n\t\t\t\t\t<div class=\"elementor-column elementor-col-100 elementor-top-column elementor-element elementor-element-7f76d7c\" data-id=\"7f76d7c\" data-element_type=\"column\">\n\t\t\t<div class=\"elementor-column-wrap elementor-element-populated\">\n\t\t\t\t\t\t\t<div class=\"elementor-widget-wrap\">\n\t\t\t\t\t\t<div class=\"elementor-element elementor-element-9b2a4f8 elementor-widget elementor-widget-gallery\" data-id=\"9b2a4f8\" data-element_type=\"widget\" data-settings=\"{&quot;columns&quot;:3,&quot;lazyload&quot;:&quot;yes&quot;,&quot;gallery_layout&quot;:&quot;grid&quot;,&quot;columns_tablet&quot;:2,&quot;columns_mobile&quot;:1,&quot;gap&quot;:{&quot;unit&quot;:&quot;px&quot;,&quot;size&quot;:10,&quot;sizes&quot;:[]},&quot;gap_tablet&quot;:{&quot;unit&quot;:&quot;px&quot;,&quot;size&quot;:10,&quot;sizes&quot;:[]},&quot;gap_mobile&quot;:{&quot;unit&quot;:&quot;px&quot;,&quot;size&quot;:10,&quot;sizes&quot;:[]},&quot;link_to&quot;:&quot;file&quot;,&quot;aspect_ratio&quot;:&quot;3:2&quot;,&quot;overlay_background&quot;:&quot;yes&quot;,&quot;content_hover_animation&quot;:&quot;fade-in&quot;}\" data-widget_type=\"gallery.default\">\n\t\t\t\t<div class=\"elementor-widget-container\">\n\t\t\t\t\t<div class=\"elementor-gallery__container\">\n\t\t\t\t\t\t\t<a class=\"e-gallery-item elementor-gallery-item elementor-animated-content\" href=\"https:\/\/venice8loft.it\/wp-content\/uploads\/2020\/10\/A2Great800012.jpg\" data-elementor-open-lightbox=\"yes\" data-elementor-lightbox-slideshow=\"all-9b2a4f8\" data-elementor-lightbox-title=\"A2Great800012\" e-action-hash=\"#elementor-action%3Aaction%3Dlightbox%26settings%3DeyJpZCI6NzgzLCJ1cmwiOiJodHRwczpcL1wvdmVuaWNlOGxvZnQuaXRcL3dwLWNvbnRlbnRcL3VwbG9hZHNcLzIwMjBcLzEwXC9BMkdyZWF0ODAwMDEyLmpwZyIsInNsaWRlc2hvdyI6ImFsbC05YjJhNGY4In0%3D\">\n\t\t\t\t\t<div class=\"e-gallery-image elementor-gallery-item__image\" data-thumbnail=\"https:\/\/venice8loft.it\/wp-content\/uploads\/2020\/10\/A2Great800012-1536x1024.jpg\" data-width=\"1536\" data-height=\"1024\" alt=\"\" ><\/div>\n\t\t\t\t\t\t\t\t\t\t\t<div class=\"elementor-gallery-item__overlay\"><\/div>\n\t\t\t\t\t\t\t\t\t\t\t\t\t\t<\/a>\n\t\t\t\t\t\t\t<a class=\"e-gallery-item elementor-gallery-item elementor-animated-content\" href=\"https:\/\/venice8loft.it\/wp-content\/uploads\/2020\/10\/A2Great800010.jpg\" data-elementor-open-lightbox=\"yes\" data-elementor-lightbox-slideshow=\"all-9b2a4f8\" data-elementor-lightbox-title=\"A2Great800010\" e-action-hash=\"#elementor-action%3Aaction%3Dlightbox%26settings%3DeyJpZCI6Nzc5LCJ1cmwiOiJodHRwczpcL1wvdmVuaWNlOGxvZnQuaXRcL3dwLWNvbnRlbnRcL3VwbG9hZHNcLzIwMjBcLzEwXC9BMkdyZWF0ODAwMDEwLmpwZyIsInNsaWRlc2hvdyI6ImFsbC05YjJhNGY4In0%3D\">\n\t\t\t\t\t<div class=\"e-gallery-image elementor-gallery-item__image\" data-thumbnail=\"https:\/\/venice8loft.it\/wp-content\/uploads\/2020\/10\/A2Great800010-1536x1024.jpg\" data-width=\"1536\" data-height=\"1024\" alt=\"\" ><\/div>\n\t\t\t\t\t\t\t\t\t\t\t<div class=\"elementor-gallery-item__overlay\"><\/div>\n\t\t\t\t\t\t\t\t\t\t\t\t\t\t<\/a>\n\t\t\t\t\t\t\t<a class=\"e-gallery-item elementor-gallery-item elementor-animated-content\" href=\"https:\/\/venice8loft.it\/wp-content\/uploads\/2020\/10\/A2Great800009.jpg\" data-elementor-open-lightbox=\"yes\" data-elementor-lightbox-slideshow=\"all-9b2a4f8\" data-elementor-lightbox-title=\"A2Great800009\" e-action-hash=\"#elementor-action%3Aaction%3Dlightbox%26settings%3DeyJpZCI6Nzc3LCJ1cmwiOiJodHRwczpcL1wvdmVuaWNlOGxvZnQuaXRcL3dwLWNvbnRlbnRcL3VwbG9hZHNcLzIwMjBcLzEwXC9BMkdyZWF0ODAwMDA5LmpwZyIsInNsaWRlc2hvdyI6ImFsbC05YjJhNGY4In0%3D\">\n\t\t\t\t\t<div class=\"e-gallery-image elementor-gallery-item__image\" data-thumbnail=\"https:\/\/venice8loft.it\/wp-content\/uploads\/2020\/10\/A2Great800009-1536x1024.jpg\" data-width=\"1536\" data-height=\"1024\" alt=\"\" ><\/div>\n\t\t\t\t\t\t\t\t\t\t\t<div class=\"elementor-gallery-item__overlay\"><\/div>\n\t\t\t\t\t\t\t\t\t\t\t\t\t\t<\/a>\n\t\t\t\t\t\t\t<a class=\"e-gallery-item elementor-gallery-item elementor-animated-content\" href=\"https:\/\/venice8loft.it\/wp-content\/uploads\/2020\/10\/A2Great800008.jpg\" data-elementor-open-lightbox=\"yes\" data-elementor-lightbox-slideshow=\"all-9b2a4f8\" data-elementor-lightbox-title=\"A2Great800008\" e-action-hash=\"#elementor-action%3Aaction%3Dlightbox%26settings%3DeyJpZCI6Nzc1LCJ1cmwiOiJodHRwczpcL1wvdmVuaWNlOGxvZnQuaXRcL3dwLWNvbnRlbnRcL3VwbG9hZHNcLzIwMjBcLzEwXC9BMkdyZWF0ODAwMDA4LmpwZyIsInNsaWRlc2hvdyI6ImFsbC05YjJhNGY4In0%3D\">\n\t\t\t\t\t<div class=\"e-gallery-image elementor-gallery-item__image\" data-thumbnail=\"https:\/\/venice8loft.it\/wp-content\/uploads\/2020\/10\/A2Great800008-1536x1024.jpg\" data-width=\"1536\" data-height=\"1024\" alt=\"\" ><\/div>\n\t\t\t\t\t\t\t\t\t\t\t<div class=\"elementor-gallery-item__overlay\"><\/div>\n\t\t\t\t\t\t\t\t\t\t\t\t\t\t<\/a>\n\t\t\t\t\t\t\t<a class=\"e-gallery-item elementor-gallery-item elementor-animated-content\" href=\"https:\/\/venice8loft.it\/wp-content\/uploads\/2020\/10\/A2Great800007.jpg\" data-elementor-open-lightbox=\"yes\" data-elementor-lightbox-slideshow=\"all-9b2a4f8\" data-elementor-lightbox-title=\"A2Great800007\" e-action-hash=\"#elementor-action%3Aaction%3Dlightbox%26settings%3DeyJpZCI6NzczLCJ1cmwiOiJodHRwczpcL1wvdmVuaWNlOGxvZnQuaXRcL3dwLWNvbnRlbnRcL3VwbG9hZHNcLzIwMjBcLzEwXC9BMkdyZWF0ODAwMDA3LmpwZyIsInNsaWRlc2hvdyI6ImFsbC05YjJhNGY4In0%3D\">\n\t\t\t\t\t<div class=\"e-gallery-image elementor-gallery-item__image\" data-thumbnail=\"https:\/\/venice8loft.it\/wp-content\/uploads\/2020\/10\/A2Great800007-1536x1024.jpg\" data-width=\"1536\" data-height=\"1024\" alt=\"\" ><\/div>\n\t\t\t\t\t\t\t\t\t\t\t<div class=\"elementor-gallery-item__overlay\"><\/div>\n\t\t\t\t\t\t\t\t\t\t\t\t\t\t<\/a>\n\t\t\t\t\t\t\t<a class=\"e-gallery-item elementor-gallery-item elementor-animated-content\" href=\"https:\/\/venice8loft.it\/wp-content\/uploads\/2020\/10\/A2Great800006.jpg\" data-elementor-open-lightbox=\"yes\" data-elementor-lightbox-slideshow=\"all-9b2a4f8\" data-elementor-lightbox-title=\"A2Great800006\" e-action-hash=\"#elementor-action%3Aaction%3Dlightbox%26settings%3DeyJpZCI6NzcxLCJ1cmwiOiJodHRwczpcL1wvdmVuaWNlOGxvZnQuaXRcL3dwLWNvbnRlbnRcL3VwbG9hZHNcLzIwMjBcLzEwXC9BMkdyZWF0ODAwMDA2LmpwZyIsInNsaWRlc2hvdyI6ImFsbC05YjJhNGY4In0%3D\">\n\t\t\t\t\t<div class=\"e-gallery-image elementor-gallery-item__image\" data-thumbnail=\"https:\/\/venice8loft.it\/wp-content\/uploads\/2020\/10\/A2Great800006-1536x1024.jpg\" data-width=\"1536\" data-height=\"1024\" alt=\"\" ><\/div>\n\t\t\t\t\t\t\t\t\t\t\t<div class=\"elementor-gallery-item__overlay\"><\/div>\n\t\t\t\t\t\t\t\t\t\t\t\t\t\t<\/a>\n\t\t\t\t\t\t\t<a class=\"e-gallery-item elementor-gallery-item elementor-animated-content\" href=\"https:\/\/venice8loft.it\/wp-content\/uploads\/2020\/10\/A2Great800005.jpg\" data-elementor-open-lightbox=\"yes\" data-elementor-lightbox-slideshow=\"all-9b2a4f8\" data-elementor-lightbox-title=\"A2Great800005\" e-action-hash=\"#elementor-action%3Aaction%3Dlightbox%26settings%3DeyJpZCI6NzY5LCJ1cmwiOiJodHRwczpcL1wvdmVuaWNlOGxvZnQuaXRcL3dwLWNvbnRlbnRcL3VwbG9hZHNcLzIwMjBcLzEwXC9BMkdyZWF0ODAwMDA1LmpwZyIsInNsaWRlc2hvdyI6ImFsbC05YjJhNGY4In0%3D\">\n\t\t\t\t\t<div class=\"e-gallery-image elementor-gallery-item__image\" data-thumbnail=\"https:\/\/venice8loft.it\/wp-content\/uploads\/2020\/10\/A2Great800005-1536x1024.jpg\" data-width=\"1536\" data-height=\"1024\" alt=\"\" ><\/div>\n\t\t\t\t\t\t\t\t\t\t\t<div class=\"elementor-gallery-item__overlay\"><\/div>\n\t\t\t\t\t\t\t\t\t\t\t\t\t\t<\/a>\n\t\t\t\t\t\t\t<a class=\"e-gallery-item elementor-gallery-item elementor-animated-content\" href=\"https:\/\/venice8loft.it\/wp-content\/uploads\/2020\/10\/A2Great800003.jpg\" data-elementor-open-lightbox=\"yes\" data-elementor-lightbox-slideshow=\"all-9b2a4f8\" data-elementor-lightbox-title=\"A2Great800003\" e-action-hash=\"#elementor-action%3Aaction%3Dlightbox%26settings%3DeyJpZCI6NzY1LCJ1cmwiOiJodHRwczpcL1wvdmVuaWNlOGxvZnQuaXRcL3dwLWNvbnRlbnRcL3VwbG9hZHNcLzIwMjBcLzEwXC9BMkdyZWF0ODAwMDAzLmpwZyIsInNsaWRlc2hvdyI6ImFsbC05YjJhNGY4In0%3D\">\n\t\t\t\t\t<div class=\"e-gallery-image elementor-gallery-item__image\" data-thumbnail=\"https:\/\/venice8loft.it\/wp-content\/uploads\/2020\/10\/A2Great800003-1536x1024.jpg\" data-width=\"1536\" data-height=\"1024\" alt=\"\" ><\/div>\n\t\t\t\t\t\t\t\t\t\t\t<div class=\"elementor-gallery-item__overlay\"><\/div>\n\t\t\t\t\t\t\t\t\t\t\t\t\t\t<\/a>\n\t\t\t\t\t\t\t<a class=\"e-gallery-item elementor-gallery-item elementor-animated-content\" href=\"https:\/\/venice8loft.it\/wp-content\/uploads\/2020\/10\/A2Great800002.jpg\" data-elementor-open-lightbox=\"yes\" data-elementor-lightbox-slideshow=\"all-9b2a4f8\" data-elementor-lightbox-title=\"A2Great800002\" e-action-hash=\"#elementor-action%3Aaction%3Dlightbox%26settings%3DeyJpZCI6NzYzLCJ1cmwiOiJodHRwczpcL1wvdmVuaWNlOGxvZnQuaXRcL3dwLWNvbnRlbnRcL3VwbG9hZHNcLzIwMjBcLzEwXC9BMkdyZWF0ODAwMDAyLmpwZyIsInNsaWRlc2hvdyI6ImFsbC05YjJhNGY4In0%3D\">\n\t\t\t\t\t<div class=\"e-gallery-image elementor-gallery-item__image\" data-thumbnail=\"https:\/\/venice8loft.it\/wp-content\/uploads\/2020\/10\/A2Great800002-1536x1024.jpg\" data-width=\"1536\" data-height=\"1024\" alt=\"\" ><\/div>\n\t\t\t\t\t\t\t\t\t\t\t<div class=\"elementor-gallery-item__overlay\"><\/div>\n\t\t\t\t\t\t\t\t\t\t\t\t\t\t<\/a>\n\t\t\t\t\t\t\t<a class=\"e-gallery-item elementor-gallery-item elementor-animated-content\" href=\"https:\/\/venice8loft.it\/wp-content\/uploads\/2020\/10\/A2Great800001.jpg\" data-elementor-open-lightbox=\"yes\" data-elementor-lightbox-slideshow=\"all-9b2a4f8\" data-elementor-lightbox-title=\"A2Great800001\" e-action-hash=\"#elementor-action%3Aaction%3Dlightbox%26settings%3DeyJpZCI6NzYxLCJ1cmwiOiJodHRwczpcL1wvdmVuaWNlOGxvZnQuaXRcL3dwLWNvbnRlbnRcL3VwbG9hZHNcLzIwMjBcLzEwXC9BMkdyZWF0ODAwMDAxLmpwZyIsInNsaWRlc2hvdyI6ImFsbC05YjJhNGY4In0%3D\">\n\t\t\t\t\t<div class=\"e-gallery-image elementor-gallery-item__image\" data-thumbnail=\"https:\/\/venice8loft.it\/wp-content\/uploads\/2020\/10\/A2Great800001-1536x1024.jpg\" data-width=\"1536\" data-height=\"1024\" alt=\"\" ><\/div>\n\t\t\t\t\t\t\t\t\t\t\t<div class=\"elementor-gallery-item__overlay\"><\/div>\n\t\t\t\t\t\t\t\t\t\t\t\t\t\t<\/a>\n\t\t\t\t\t\t\t<a class=\"e-gallery-item elementor-gallery-item elementor-animated-content\" href=\"https:\/\/venice8loft.it\/wp-content\/uploads\/2020\/10\/A2Great800013.jpg\" data-elementor-open-lightbox=\"yes\" data-elementor-lightbox-slideshow=\"all-9b2a4f8\" data-elementor-lightbox-title=\"A2Great800013\" e-action-hash=\"#elementor-action%3Aaction%3Dlightbox%26settings%3DeyJpZCI6Nzg1LCJ1cmwiOiJodHRwczpcL1wvdmVuaWNlOGxvZnQuaXRcL3dwLWNvbnRlbnRcL3VwbG9hZHNcLzIwMjBcLzEwXC9BMkdyZWF0ODAwMDEzLmpwZyIsInNsaWRlc2hvdyI6ImFsbC05YjJhNGY4In0%3D\">\n\t\t\t\t\t<div class=\"e-gallery-image elementor-gallery-item__image\" data-thumbnail=\"https:\/\/venice8loft.it\/wp-content\/uploads\/2020\/10\/A2Great800013-1536x1024.jpg\" data-width=\"1536\" data-height=\"1024\" alt=\"\" ><\/div>\n\t\t\t\t\t\t\t\t\t\t\t<div class=\"elementor-gallery-item__overlay\"><\/div>\n\t\t\t\t\t\t\t\t\t\t\t\t\t\t<\/a>\n\t\t\t\t\t\t\t<a class=\"e-gallery-item elementor-gallery-item elementor-animated-content\" href=\"https:\/\/venice8loft.it\/wp-content\/uploads\/2020\/10\/A2Great800014.jpg\" data-elementor-open-lightbox=\"yes\" data-elementor-lightbox-slideshow=\"all-9b2a4f8\" data-elementor-lightbox-title=\"A2Great800014\" e-action-hash=\"#elementor-action%3Aaction%3Dlightbox%26settings%3DeyJpZCI6Nzg3LCJ1cmwiOiJodHRwczpcL1wvdmVuaWNlOGxvZnQuaXRcL3dwLWNvbnRlbnRcL3VwbG9hZHNcLzIwMjBcLzEwXC9BMkdyZWF0ODAwMDE0LmpwZyIsInNsaWRlc2hvdyI6ImFsbC05YjJhNGY4In0%3D\">\n\t\t\t\t\t<div class=\"e-gallery-image elementor-gallery-item__image\" data-thumbnail=\"https:\/\/venice8loft.it\/wp-content\/uploads\/2020\/10\/A2Great800014-1536x1024.jpg\" data-width=\"1536\" data-height=\"1024\" alt=\"\" ><\/div>\n\t\t\t\t\t\t\t\t\t\t\t<div class=\"elementor-gallery-item__overlay\"><\/div>\n\t\t\t\t\t\t\t\t\t\t\t\t\t\t<\/a>\n\t\t\t\t\t<\/div>\n\t\t\t<\/div>\n\t\t\t\t<\/div>\n\t\t\t\t\t\t<\/div>\n\t\t\t\t\t<\/div>\n\t\t<\/div>\n\t\t\t\t\t\t\t\t<\/div>\n\t\t\t\t\t<\/div>\n\t\t<\/section>\n\t\t\t\t\t\t\t\t\t<\/div>\n\t\t\t<\/div>\n\t\t\t\t\t<\/div>\n\t\t","protected":false},"excerpt":{"rendered":"<p>THE GREAT 8 The Great 8 Quest\u2019appartamento di 74mq \u00e8 l\u2019ideale per famiglie, per chi cerca un soggiorno in piena comodit\u00e0 e per chi pernotta per lunghi periodi. Ha un ingresso privato ed \u00e8 dotato di tutti i comfort. Rilassatevi nell\u2019accogliente zona giorno con divano, Tv, tavolo e sedie da pranzo. La cucina \u00e8 super [&hellip;]<\/p>\n","protected":false},"author":1,"featured_media":0,"parent":90,"menu_order":0,"comment_status":"closed","ping_status":"closed","template":"elementor_header_footer","meta":[],"yoast_head":"<!-- This site is optimized with the Yoast SEO plugin v18.5.1 - https:\/\/yoast.com\/wordpress\/plugins\/seo\/ -->\n<title>THE GREAT 8 - 8loft<\/title>\n<meta name=\"robots\" content=\"index, follow, max-snippet:-1, max-image-preview:large, max-video-preview:-1\" \/>\n<link rel=\"canonical\" href=\"https:\/\/www.venice8loft.it\/it\/loft\/great8\/\" \/>\n<meta property=\"og:locale\" content=\"it_IT\" \/>\n<meta property=\"og:type\" content=\"article\" \/>\n<meta property=\"og:title\" content=\"THE GREAT 8 - 8loft\" \/>\n<meta property=\"og:description\" content=\"THE GREAT 8 The Great 8 Quest\u2019appartamento di 74mq \u00e8 l\u2019ideale per famiglie, per chi cerca un soggiorno in piena comodit\u00e0 e per chi pernotta per lunghi periodi. Ha un ingresso privato ed \u00e8 dotato di tutti i comfort. Rilassatevi nell\u2019accogliente zona giorno con divano, Tv, tavolo e sedie da pranzo. La cucina \u00e8 super [&hellip;]\" \/>\n<meta property=\"og:url\" content=\"https:\/\/www.venice8loft.it\/it\/loft\/great8\/\" \/>\n<meta property=\"og:site_name\" content=\"8loft\" \/>\n<meta property=\"article:modified_time\" content=\"2020-10-23T14:26:26+00:00\" \/>\n<meta name=\"twitter:card\" content=\"summary_large_image\" \/>\n<meta name=\"twitter:label1\" content=\"Tempo di lettura stimato\" \/>\n\t<meta name=\"twitter:data1\" content=\"1 minuto\" \/>\n<script type=\"application\/ld+json\" class=\"yoast-schema-graph\">{\"@context\":\"https:\/\/schema.org\",\"@graph\":[{\"@type\":\"Organization\",\"@id\":\"https:\/\/www.venice8loft.it\/#organization\",\"name\":\"8Loft\",\"url\":\"https:\/\/www.venice8loft.it\/\",\"sameAs\":[],\"logo\":{\"@type\":\"ImageObject\",\"@id\":\"https:\/\/www.venice8loft.it\/#logo\",\"inLanguage\":\"it-IT\",\"url\":\"https:\/\/www.venice8loft.it\/wp-content\/uploads\/2020\/10\/icona8loft.jpg\",\"contentUrl\":\"https:\/\/www.venice8loft.it\/wp-content\/uploads\/2020\/10\/icona8loft.jpg\",\"width\":1109,\"height\":1109,\"caption\":\"8Loft\"},\"image\":{\"@id\":\"https:\/\/www.venice8loft.it\/#logo\"}},{\"@type\":\"WebSite\",\"@id\":\"https:\/\/www.venice8loft.it\/#website\",\"url\":\"https:\/\/www.venice8loft.it\/\",\"name\":\"8loft\",\"description\":\"Exclusive Residence\",\"publisher\":{\"@id\":\"https:\/\/www.venice8loft.it\/#organization\"},\"potentialAction\":[{\"@type\":\"SearchAction\",\"target\":{\"@type\":\"EntryPoint\",\"urlTemplate\":\"https:\/\/www.venice8loft.it\/?s={search_term_string}\"},\"query-input\":\"required name=search_term_string\"}],\"inLanguage\":\"it-IT\"},{\"@type\":\"WebPage\",\"@id\":\"https:\/\/www.venice8loft.it\/it\/loft\/great8\/#webpage\",\"url\":\"https:\/\/www.venice8loft.it\/it\/loft\/great8\/\",\"name\":\"THE GREAT 8 - 8loft\",\"isPartOf\":{\"@id\":\"https:\/\/www.venice8loft.it\/#website\"},\"datePublished\":\"2020-07-15T12:29:36+00:00\",\"dateModified\":\"2020-10-23T14:26:26+00:00\",\"breadcrumb\":{\"@id\":\"https:\/\/www.venice8loft.it\/it\/loft\/great8\/#breadcrumb\"},\"inLanguage\":\"it-IT\",\"potentialAction\":[{\"@type\":\"ReadAction\",\"target\":[\"https:\/\/www.venice8loft.it\/it\/loft\/great8\/\"]}]},{\"@type\":\"BreadcrumbList\",\"@id\":\"https:\/\/www.venice8loft.it\/it\/loft\/great8\/#breadcrumb\",\"itemListElement\":[{\"@type\":\"ListItem\",\"position\":1,\"name\":\"Home\",\"item\":\"https:\/\/venice8loft.it\/it\/\"},{\"@type\":\"ListItem\",\"position\":2,\"name\":\"LOFT\",\"item\":\"https:\/\/www.venice8loft.it\/it\/loft\/\"},{\"@type\":\"ListItem\",\"position\":3,\"name\":\"THE GREAT 8\"}]}]}<\/script>\n<!-- \/ Yoast SEO plugin. -->","yoast_head_json":{"title":"THE GREAT 8 - 8loft","robots":{"index":"index","follow":"follow","max-snippet":"max-snippet:-1","max-image-preview":"max-image-preview:large","max-video-preview":"max-video-preview:-1"},"canonical":"https:\/\/www.venice8loft.it\/it\/loft\/great8\/","og_locale":"it_IT","og_type":"article","og_title":"THE GREAT 8 - 8loft","og_description":"THE GREAT 8 The Great 8 Quest\u2019appartamento di 74mq \u00e8 l\u2019ideale per famiglie, per chi cerca un soggiorno in piena comodit\u00e0 e per chi pernotta per lunghi periodi. Ha un ingresso privato ed \u00e8 dotato di tutti i comfort. Rilassatevi nell\u2019accogliente zona giorno con divano, Tv, tavolo e sedie da pranzo. La cucina \u00e8 super [&hellip;]","og_url":"https:\/\/www.venice8loft.it\/it\/loft\/great8\/","og_site_name":"8loft","article_modified_time":"2020-10-23T14:26:26+00:00","twitter_card":"summary_large_image","twitter_misc":{"Tempo di lettura stimato":"1 minuto"},"schema":{"@context":"https:\/\/schema.org","@graph":[{"@type":"Organization","@id":"https:\/\/www.venice8loft.it\/#organization","name":"8Loft","url":"https:\/\/www.venice8loft.it\/","sameAs":[],"logo":{"@type":"ImageObject","@id":"https:\/\/www.venice8loft.it\/#logo","inLanguage":"it-IT","url":"https:\/\/www.venice8loft.it\/wp-content\/uploads\/2020\/10\/icona8loft.jpg","contentUrl":"https:\/\/www.venice8loft.it\/wp-content\/uploads\/2020\/10\/icona8loft.jpg","width":1109,"height":1109,"caption":"8Loft"},"image":{"@id":"https:\/\/www.venice8loft.it\/#logo"}},{"@type":"WebSite","@id":"https:\/\/www.venice8loft.it\/#website","url":"https:\/\/www.venice8loft.it\/","name":"8loft","description":"Exclusive Residence","publisher":{"@id":"https:\/\/www.venice8loft.it\/#organization"},"potentialAction":[{"@type":"SearchAction","target":{"@type":"EntryPoint","urlTemplate":"https:\/\/www.venice8loft.it\/?s={search_term_string}"},"query-input":"required name=search_term_string"}],"inLanguage":"it-IT"},{"@type":"WebPage","@id":"https:\/\/www.venice8loft.it\/it\/loft\/great8\/#webpage","url":"https:\/\/www.venice8loft.it\/it\/loft\/great8\/","name":"THE GREAT 8 - 8loft","isPartOf":{"@id":"https:\/\/www.venice8loft.it\/#website"},"datePublished":"2020-07-15T12:29:36+00:00","dateModified":"2020-10-23T14:26:26+00:00","breadcrumb":{"@id":"https:\/\/www.venice8loft.it\/it\/loft\/great8\/#breadcrumb"},"inLanguage":"it-IT","potentialAction":[{"@type":"ReadAction","target":["https:\/\/www.venice8loft.it\/it\/loft\/great8\/"]}]},{"@type":"BreadcrumbList","@id":"https:\/\/www.venice8loft.it\/it\/loft\/great8\/#breadcrumb","itemListElement":[{"@type":"ListItem","position":1,"name":"Home","item":"https:\/\/venice8loft.it\/it\/"},{"@type":"ListItem","position":2,"name":"LOFT","item":"https:\/\/www.venice8loft.it\/it\/loft\/"},{"@type":"ListItem","position":3,"name":"THE GREAT 8"}]}]}},"_links":{"self":[{"href":"https:\/\/venice8loft.it\/it\/wp-json\/wp\/v2\/pages\/261"}],"collection":[{"href":"https:\/\/venice8loft.it\/it\/wp-json\/wp\/v2\/pages"}],"about":[{"href":"https:\/\/venice8loft.it\/it\/wp-json\/wp\/v2\/types\/page"}],"author":[{"embeddable":true,"href":"https:\/\/venice8loft.it\/it\/wp-json\/wp\/v2\/users\/1"}],"replies":[{"embeddable":true,"href":"https:\/\/venice8loft.it\/it\/wp-json\/wp\/v2\/comments?post=261"}],"version-history":[{"count":9,"href":"https:\/\/venice8loft.it\/it\/wp-json\/wp\/v2\/pages\/261\/revisions"}],"predecessor-version":[{"id":1172,"href":"https:\/\/venice8loft.it\/it\/wp-json\/wp\/v2\/pages\/261\/revisions\/1172"}],"up":[{"embeddable":true,"href":"https:\/\/venice8loft.it\/it\/wp-json\/wp\/v2\/pages\/90"}],"wp:attachment":[{"href":"https:\/\/venice8loft.it\/it\/wp-json\/wp\/v2\/media?parent=261"}],"curies":[{"name":"wp","href":"https:\/\/api.w.org\/{rel}","templated":true}]}}