{"id":9,"date":"2020-06-29T08:02:23","date_gmt":"2020-06-29T08:02:23","guid":{"rendered":"https:\/\/venice8loft.it\/?page_id=9"},"modified":"2021-02-19T15:35:16","modified_gmt":"2021-02-19T16:35:16","slug":"home","status":"publish","type":"page","link":"https:\/\/venice8loft.it\/it\/","title":{"rendered":"home"},"content":{"rendered":"\t\t<div data-elementor-type=\"wp-page\" data-elementor-id=\"9\" class=\"elementor elementor-9\">\n\t\t\t\t\t\t<div class=\"elementor-inner\">\n\t\t\t\t<div class=\"elementor-section-wrap\">\n\t\t\t\t\t\t\t\t\t<section class=\"elementor-section elementor-top-section elementor-element elementor-element-ed8c661 elementor-section-full_width elementor-section-height-min-height elementor-section-height-default elementor-section-items-middle elementor-invisible\" data-id=\"ed8c661\" data-element_type=\"section\" data-settings=\"{&quot;background_background&quot;:&quot;slideshow&quot;,&quot;background_slideshow_gallery&quot;:[{&quot;id&quot;:209,&quot;url&quot;:&quot;https:\\\/\\\/venice8loft.it\\\/wp-content\\\/uploads\\\/2020\\\/07\\\/AdobeStock_75878307.jpg&quot;},{&quot;id&quot;:210,&quot;url&quot;:&quot;https:\\\/\\\/venice8loft.it\\\/wp-content\\\/uploads\\\/2020\\\/07\\\/AdobeStock_101573099.jpg&quot;},{&quot;id&quot;:808,&quot;url&quot;:&quot;https:\\\/\\\/venice8loft.it\\\/wp-content\\\/uploads\\\/2020\\\/10\\\/B5_secretgarden00008.jpg&quot;},{&quot;id&quot;:814,&quot;url&quot;:&quot;https:\\\/\\\/venice8loft.it\\\/wp-content\\\/uploads\\\/2020\\\/10\\\/B5_secretgarden00011.jpg&quot;},{&quot;id&quot;:205,&quot;url&quot;:&quot;https:\\\/\\\/venice8loft.it\\\/wp-content\\\/uploads\\\/2020\\\/07\\\/AdobeStock_52710607-scaled.jpg&quot;},{&quot;id&quot;:124,&quot;url&quot;:&quot;https:\\\/\\\/venice8loft.it\\\/wp-content\\\/uploads\\\/2020\\\/07\\\/Vista-Laguna.jpg&quot;},{&quot;id&quot;:768,&quot;url&quot;:&quot;https:\\\/\\\/venice8loft.it\\\/wp-content\\\/uploads\\\/2020\\\/10\\\/A2Great800005.jpg&quot;},{&quot;id&quot;:806,&quot;url&quot;:&quot;https:\\\/\\\/venice8loft.it\\\/wp-content\\\/uploads\\\/2020\\\/10\\\/B5_secretgarden00007.jpg&quot;}],&quot;background_slideshow_transition_duration&quot;:1500,&quot;animation&quot;:&quot;fadeIn&quot;,&quot;background_slideshow_ken_burns&quot;:&quot;yes&quot;,&quot;background_slideshow_loop&quot;:&quot;yes&quot;,&quot;background_slideshow_slide_duration&quot;:5000,&quot;background_slideshow_slide_transition&quot;:&quot;fade&quot;,&quot;background_slideshow_ken_burns_zoom_direction&quot;:&quot;in&quot;}\">\n\t\t\t\t\t\t<div class=\"elementor-container elementor-column-gap-no\">\n\t\t\t\t\t\t\t<div class=\"elementor-row\">\n\t\t\t\t\t<div class=\"elementor-column elementor-col-100 elementor-top-column elementor-element elementor-element-ce6c055\" data-id=\"ce6c055\" data-element_type=\"column\">\n\t\t\t<div class=\"elementor-column-wrap elementor-element-populated\">\n\t\t\t\t\t\t\t<div class=\"elementor-widget-wrap\">\n\t\t\t\t\t\t<div class=\"elementor-element elementor-element-2e13681 animated-slow elementor-invisible elementor-widget elementor-widget-image\" data-id=\"2e13681\" data-element_type=\"widget\" data-settings=\"{&quot;_animation&quot;:&quot;fadeInUp&quot;}\" data-widget_type=\"image.default\">\n\t\t\t\t<div class=\"elementor-widget-container\">\n\t\t\t\t\t\t\t\t<div class=\"elementor-image\">\n\t\t\t\t\t\t\t\t\t\t\t\t<img width=\"1109\" height=\"610\" src=\"https:\/\/venice8loft.it\/wp-content\/uploads\/2020\/07\/logobianco_ombra.png\" class=\"attachment-full size-full\" alt=\"\" loading=\"lazy\" srcset=\"https:\/\/venice8loft.it\/wp-content\/uploads\/2020\/07\/logobianco_ombra.png 1109w, https:\/\/venice8loft.it\/wp-content\/uploads\/2020\/07\/logobianco_ombra-300x165.png 300w, https:\/\/venice8loft.it\/wp-content\/uploads\/2020\/07\/logobianco_ombra-1024x563.png 1024w, https:\/\/venice8loft.it\/wp-content\/uploads\/2020\/07\/logobianco_ombra-768x422.png 768w\" sizes=\"(max-width: 1109px) 100vw, 1109px\" \/>\t\t\t\t\t\t\t\t\t\t\t\t\t\t<\/div>\n\t\t\t\t\t\t<\/div>\n\t\t\t\t<\/div>\n\t\t\t\t\t\t<\/div>\n\t\t\t\t\t<\/div>\n\t\t<\/div>\n\t\t\t\t\t\t\t\t<\/div>\n\t\t\t\t\t<\/div>\n\t\t<\/section>\n\t\t\t\t<section class=\"elementor-section elementor-top-section elementor-element elementor-element-8f8f035 elementor-section-full_width elementor-section-height-default elementor-section-height-default elementor-invisible\" data-id=\"8f8f035\" data-element_type=\"section\" data-settings=\"{&quot;animation&quot;:&quot;fadeIn&quot;}\">\n\t\t\t\t\t\t<div class=\"elementor-container elementor-column-gap-default\">\n\t\t\t\t\t\t\t<div class=\"elementor-row\">\n\t\t\t\t\t<div class=\"elementor-column elementor-col-50 elementor-top-column elementor-element elementor-element-cb4f6e5 elementor-hidden-tablet elementor-hidden-phone\" data-id=\"cb4f6e5\" data-element_type=\"column\" data-settings=\"{&quot;background_background&quot;:&quot;classic&quot;}\">\n\t\t\t<div class=\"elementor-column-wrap\">\n\t\t\t\t\t\t\t<div class=\"elementor-widget-wrap\">\n\t\t\t\t\t\t\t\t<\/div>\n\t\t\t\t\t<\/div>\n\t\t<\/div>\n\t\t\t\t<div class=\"elementor-column elementor-col-50 elementor-top-column elementor-element elementor-element-e3fa8ff\" data-id=\"e3fa8ff\" data-element_type=\"column\">\n\t\t\t<div class=\"elementor-column-wrap elementor-element-populated\">\n\t\t\t\t\t\t\t<div class=\"elementor-widget-wrap\">\n\t\t\t\t\t\t<div class=\"elementor-element elementor-element-7dfa64a elementor-widget elementor-widget-text-editor\" data-id=\"7dfa64a\" data-element_type=\"widget\" data-widget_type=\"text-editor.default\">\n\t\t\t\t<div class=\"elementor-widget-container\">\n\t\t\t\t\t\t\t\t<div class=\"elementor-text-editor elementor-clearfix\">\n\t\t\t\t<strong>8Loft Exlusive Residence<\/strong>,\n\n\u00e8 una raffinata residenza composta da 8 nuovi appartamenti splendidamente restaurati in una cornice di tranquillit\u00e0, serenit\u00e0 e storico fascino nel sestiere di Santa Croce, a breve distanza da Piazzale Roma e facilmente raggiungibile dalla Stazione S. Lucia di Venezia. Tutti gli appartamenti sono ubicati al piano terra, arredati in stile moderno, una sistemazione confortevole e tranquilla in un&#8217;area ideale per un soggiorno gradevole. Gli ambienti sono spaziosi e curati in ogni dettaglio, adatti a gruppi di piccole e medie dimensioni, con una capienza massima di 32 ospiti se affittati tutti insieme. La residenza \u201c8 Loft\u201d dispone di appartamenti di varia metratura e con diverse disposizioni degli interni, alcuni sono provvisti di giardino o di terrazza esclusiva.<p>Una volta all\u2019interno, al piano terra ogni appartamento \u00e8 composto da un ampio e piacevole soggiorno\/sala da pranzo con divano letto e da una cucina ben attrezzata perfetta per cucinare con facilit\u00e0. Al primo piano i loft dispongono di una camera da letto con un letto matrimoniale e di uno\/due moderni bagni piastrellati con doccia. Inoltre, tutti gli 8 appartamenti della Residenza \u201c8 Loft\u201d sono dotati di aria condizionata, riscaldamento, lavatrice, lavastoviglie e di connessione Wi-Fi, assicurando tutti i confort di una casa.<\/p>\t\t\t\t\t<\/div>\n\t\t\t\t\t\t<\/div>\n\t\t\t\t<\/div>\n\t\t\t\t\t\t<\/div>\n\t\t\t\t\t<\/div>\n\t\t<\/div>\n\t\t\t\t\t\t\t\t<\/div>\n\t\t\t\t\t<\/div>\n\t\t<\/section>\n\t\t\t\t<section class=\"elementor-section elementor-top-section elementor-element elementor-element-c549689 elementor-section-full_width elementor-section-height-default elementor-section-height-default\" data-id=\"c549689\" data-element_type=\"section\">\n\t\t\t\t\t\t<div class=\"elementor-container elementor-column-gap-narrow\">\n\t\t\t\t\t\t\t<div class=\"elementor-row\">\n\t\t\t\t\t<div class=\"elementor-column elementor-col-33 elementor-top-column elementor-element elementor-element-687e143\" data-id=\"687e143\" data-element_type=\"column\">\n\t\t\t<div class=\"elementor-column-wrap elementor-element-populated\">\n\t\t\t\t\t\t\t<div class=\"elementor-widget-wrap\">\n\t\t\t\t\t\t<div class=\"elementor-element elementor-element-4bb2ea1 elementor-cta--skin-classic elementor-animated-content elementor-bg-transform elementor-bg-transform-zoom-in elementor-widget elementor-widget-call-to-action\" data-id=\"4bb2ea1\" data-element_type=\"widget\" data-widget_type=\"call-to-action.default\">\n\t\t\t\t<div class=\"elementor-widget-container\">\n\t\t\t\t\t<a class=\"elementor-cta\" href=\"\/loft\/?lang=it\">\n\t\t\t\t\t<div class=\"elementor-cta__bg-wrapper\">\n\t\t\t\t<div class=\"elementor-cta__bg elementor-bg\" style=\"background-image: url(https:\/\/venice8loft.it\/wp-content\/uploads\/2020\/10\/B5_secretgarden00014.jpg);\"><\/div>\n\t\t\t\t<div class=\"elementor-cta__bg-overlay\"><\/div>\n\t\t\t<\/div>\n\t\t\t\t\t\t\t<div class=\"elementor-cta__content\">\n\t\t\t\t\n\t\t\t\t<h2 class=\"elementor-cta__title elementor-cta__content-item elementor-content-item\">Gli Appartamenti<\/h2>\n\t\t\t\t\t\t\t\t\t<div class=\"elementor-cta__description elementor-cta__content-item elementor-content-item\">\n\t\t\t\t\t\tScoprite le tipologie e gli spazi  pi\u00f9 adatti alle Vostre esigenze\t\t\t\t\t<\/div>\n\t\t\t\t\n\t\t\t\t\t\t\t\t\t<div class=\"elementor-cta__button-wrapper elementor-cta__content-item elementor-content-item \">\n\t\t\t\t\t<span class=\"elementor-cta__button elementor-button elementor-size-sm\">\n\t\t\t\t\t\tDettagli\t\t\t\t\t<\/span>\n\t\t\t\t\t<\/div>\n\t\t\t\t\t\t\t<\/div>\n\t\t\t\t\t\t<\/a>\n\t\t\t\t<\/div>\n\t\t\t\t<\/div>\n\t\t\t\t\t\t<\/div>\n\t\t\t\t\t<\/div>\n\t\t<\/div>\n\t\t\t\t<div class=\"elementor-column elementor-col-33 elementor-top-column elementor-element elementor-element-4f33d36\" data-id=\"4f33d36\" data-element_type=\"column\">\n\t\t\t<div class=\"elementor-column-wrap elementor-element-populated\">\n\t\t\t\t\t\t\t<div class=\"elementor-widget-wrap\">\n\t\t\t\t\t\t<div class=\"elementor-element elementor-element-a88ce60 elementor-cta--skin-classic elementor-animated-content elementor-bg-transform elementor-bg-transform-zoom-in elementor-widget elementor-widget-call-to-action\" data-id=\"a88ce60\" data-element_type=\"widget\" data-widget_type=\"call-to-action.default\">\n\t\t\t\t<div class=\"elementor-widget-container\">\n\t\t\t\t\t<a class=\"elementor-cta\" href=\"\/posizione\/?lang=it\">\n\t\t\t\t\t<div class=\"elementor-cta__bg-wrapper\">\n\t\t\t\t<div class=\"elementor-cta__bg elementor-bg\" style=\"background-image: url(https:\/\/venice8loft.it\/wp-content\/uploads\/2020\/10\/esterno6-1024x683.jpg);\"><\/div>\n\t\t\t\t<div class=\"elementor-cta__bg-overlay\"><\/div>\n\t\t\t<\/div>\n\t\t\t\t\t\t\t<div class=\"elementor-cta__content\">\n\t\t\t\t\n\t\t\t\t<h2 class=\"elementor-cta__title elementor-cta__content-item elementor-content-item\">Posizione e Servizi<\/h2>\n\t\t\t\t\t\t\t\t\t<div class=\"elementor-cta__description elementor-cta__content-item elementor-content-item\">\n\t\t\t\t\t\tCome raggiungerci e la distanza dai principali punti d'interesse\t\t\t\t\t<\/div>\n\t\t\t\t\n\t\t\t\t\t\t\t\t\t<div class=\"elementor-cta__button-wrapper elementor-cta__content-item elementor-content-item \">\n\t\t\t\t\t<span class=\"elementor-cta__button elementor-button elementor-size-sm\">\n\t\t\t\t\t\tDettagli\t\t\t\t\t<\/span>\n\t\t\t\t\t<\/div>\n\t\t\t\t\t\t\t<\/div>\n\t\t\t\t\t\t<\/a>\n\t\t\t\t<\/div>\n\t\t\t\t<\/div>\n\t\t\t\t\t\t<\/div>\n\t\t\t\t\t<\/div>\n\t\t<\/div>\n\t\t\t\t<div class=\"elementor-column elementor-col-33 elementor-top-column elementor-element elementor-element-fa35a7f\" data-id=\"fa35a7f\" data-element_type=\"column\">\n\t\t\t<div class=\"elementor-column-wrap elementor-element-populated\">\n\t\t\t\t\t\t\t<div class=\"elementor-widget-wrap\">\n\t\t\t\t\t\t<div class=\"elementor-element elementor-element-b0e764c elementor-cta--skin-classic elementor-animated-content elementor-bg-transform elementor-bg-transform-zoom-in elementor-widget elementor-widget-call-to-action\" data-id=\"b0e764c\" data-element_type=\"widget\" data-widget_type=\"call-to-action.default\">\n\t\t\t\t<div class=\"elementor-widget-container\">\n\t\t\t\t\t<a class=\"elementor-cta\" href=\"\/condizioni\/?lang=it\">\n\t\t\t\t\t<div class=\"elementor-cta__bg-wrapper\">\n\t\t\t\t<div class=\"elementor-cta__bg elementor-bg\" style=\"background-image: url(https:\/\/venice8loft.it\/wp-content\/uploads\/2020\/07\/AdobeStock_62721142-1024x706.jpg);\"><\/div>\n\t\t\t\t<div class=\"elementor-cta__bg-overlay\"><\/div>\n\t\t\t<\/div>\n\t\t\t\t\t\t\t<div class=\"elementor-cta__content\">\n\t\t\t\t\n\t\t\t\t<h2 class=\"elementor-cta__title elementor-cta__content-item elementor-content-item\">Condizioni Generali<\/h2>\n\t\t\t\t\t\t\t\t\t<div class=\"elementor-cta__description elementor-cta__content-item elementor-content-item\">\n\t\t\t\t\t\tInformazioni e prenotazioni\t\t\t\t\t<\/div>\n\t\t\t\t\n\t\t\t\t\t\t\t\t\t<div class=\"elementor-cta__button-wrapper elementor-cta__content-item elementor-content-item \">\n\t\t\t\t\t<span class=\"elementor-cta__button elementor-button elementor-size-sm\">\n\t\t\t\t\t\tDettagli\t\t\t\t\t<\/span>\n\t\t\t\t\t<\/div>\n\t\t\t\t\t\t\t<\/div>\n\t\t\t\t\t\t<\/a>\n\t\t\t\t<\/div>\n\t\t\t\t<\/div>\n\t\t\t\t\t\t<\/div>\n\t\t\t\t\t<\/div>\n\t\t<\/div>\n\t\t\t\t\t\t\t\t<\/div>\n\t\t\t\t\t<\/div>\n\t\t<\/section>\n\t\t\t\t\t\t\t\t\t<\/div>\n\t\t\t<\/div>\n\t\t\t\t\t<\/div>\n\t\t","protected":false},"excerpt":{"rendered":"<p>8Loft Exlusive Residence, \u00e8 una raffinata residenza composta da 8 nuovi appartamenti splendidamente restaurati in una cornice di tranquillit\u00e0, serenit\u00e0 e storico fascino nel sestiere di Santa Croce, a breve distanza da Piazzale Roma e facilmente raggiungibile dalla Stazione S. Lucia di Venezia. Tutti gli appartamenti sono ubicati al piano terra, arredati in stile moderno, [&hellip;]<\/p>\n","protected":false},"author":2,"featured_media":0,"parent":0,"menu_order":0,"comment_status":"closed","ping_status":"closed","template":"elementor_header_footer","meta":[],"yoast_head":"<!-- This site is optimized with the Yoast SEO plugin v18.5.1 - https:\/\/yoast.com\/wordpress\/plugins\/seo\/ -->\n<title>8Loft Exlusive Residence - Appartamenti in affitto a Venezia<\/title>\n<meta name=\"description\" content=\"Appartamenti vacanze in centro storico a Venezia nel sestiere di Santa Croce, a pochi passi da da Piazzale Roma.\" \/>\n<meta name=\"robots\" content=\"index, follow, max-snippet:-1, max-image-preview:large, max-video-preview:-1\" \/>\n<link rel=\"canonical\" href=\"https:\/\/venice8loft.it\/it\/\" \/>\n<meta property=\"og:locale\" content=\"it_IT\" \/>\n<meta property=\"og:type\" content=\"article\" \/>\n<meta property=\"og:title\" content=\"8Loft Exlusive Residence - Appartamenti in affitto a Venezia\" \/>\n<meta property=\"og:description\" content=\"Appartamenti vacanze in centro storico a Venezia nel sestiere di Santa Croce, a pochi passi da da Piazzale Roma.\" \/>\n<meta property=\"og:url\" content=\"https:\/\/venice8loft.it\/it\/\" \/>\n<meta property=\"og:site_name\" content=\"8loft\" \/>\n<meta property=\"article:modified_time\" content=\"2021-02-19T16:35:16+00:00\" \/>\n<meta property=\"og:image\" content=\"http:\/\/venice8loft.it\/wp-content\/uploads\/2020\/07\/logobianco_ombra.png\" \/>\n<meta name=\"twitter:card\" content=\"summary_large_image\" \/>\n<meta name=\"twitter:label1\" content=\"Tempo di lettura stimato\" \/>\n\t<meta name=\"twitter:data1\" content=\"2 minuti\" \/>\n<script type=\"application\/ld+json\" class=\"yoast-schema-graph\">{\"@context\":\"https:\/\/schema.org\",\"@graph\":[{\"@type\":\"Organization\",\"@id\":\"https:\/\/www.venice8loft.it\/#organization\",\"name\":\"8Loft\",\"url\":\"https:\/\/www.venice8loft.it\/\",\"sameAs\":[],\"logo\":{\"@type\":\"ImageObject\",\"@id\":\"https:\/\/www.venice8loft.it\/#logo\",\"inLanguage\":\"it-IT\",\"url\":\"https:\/\/www.venice8loft.it\/wp-content\/uploads\/2020\/10\/icona8loft.jpg\",\"contentUrl\":\"https:\/\/www.venice8loft.it\/wp-content\/uploads\/2020\/10\/icona8loft.jpg\",\"width\":1109,\"height\":1109,\"caption\":\"8Loft\"},\"image\":{\"@id\":\"https:\/\/www.venice8loft.it\/#logo\"}},{\"@type\":\"WebSite\",\"@id\":\"https:\/\/www.venice8loft.it\/#website\",\"url\":\"https:\/\/www.venice8loft.it\/\",\"name\":\"8loft\",\"description\":\"Exclusive Residence\",\"publisher\":{\"@id\":\"https:\/\/www.venice8loft.it\/#organization\"},\"potentialAction\":[{\"@type\":\"SearchAction\",\"target\":{\"@type\":\"EntryPoint\",\"urlTemplate\":\"https:\/\/www.venice8loft.it\/?s={search_term_string}\"},\"query-input\":\"required name=search_term_string\"}],\"inLanguage\":\"it-IT\"},{\"@type\":\"ImageObject\",\"@id\":\"https:\/\/venice8loft.it\/it\/#primaryimage\",\"inLanguage\":\"it-IT\",\"url\":\"http:\/\/venice8loft.it\/wp-content\/uploads\/2020\/07\/logobianco_ombra.png\",\"contentUrl\":\"http:\/\/venice8loft.it\/wp-content\/uploads\/2020\/07\/logobianco_ombra.png\"},{\"@type\":\"WebPage\",\"@id\":\"https:\/\/venice8loft.it\/it\/#webpage\",\"url\":\"https:\/\/venice8loft.it\/it\/\",\"name\":\"8Loft Exlusive Residence - Appartamenti in affitto a Venezia\",\"isPartOf\":{\"@id\":\"https:\/\/www.venice8loft.it\/#website\"},\"primaryImageOfPage\":{\"@id\":\"https:\/\/venice8loft.it\/it\/#primaryimage\"},\"datePublished\":\"2020-06-29T08:02:23+00:00\",\"dateModified\":\"2021-02-19T16:35:16+00:00\",\"description\":\"Appartamenti vacanze in centro storico a Venezia nel sestiere di Santa Croce, a pochi passi da da Piazzale Roma.\",\"breadcrumb\":{\"@id\":\"https:\/\/venice8loft.it\/it\/#breadcrumb\"},\"inLanguage\":\"it-IT\",\"potentialAction\":[{\"@type\":\"ReadAction\",\"target\":[\"https:\/\/venice8loft.it\/it\/\"]}]},{\"@type\":\"BreadcrumbList\",\"@id\":\"https:\/\/venice8loft.it\/it\/#breadcrumb\",\"itemListElement\":[{\"@type\":\"ListItem\",\"position\":1,\"name\":\"Home\",\"item\":\"https:\/\/venice8loft.it\/it\/\"},{\"@type\":\"ListItem\",\"position\":2,\"name\":\"home\"}]}]}<\/script>\n<!-- \/ Yoast SEO plugin. -->","yoast_head_json":{"title":"8Loft Exlusive Residence - Appartamenti in affitto a Venezia","description":"Appartamenti vacanze in centro storico a Venezia nel sestiere di Santa Croce, a pochi passi da da Piazzale Roma.","robots":{"index":"index","follow":"follow","max-snippet":"max-snippet:-1","max-image-preview":"max-image-preview:large","max-video-preview":"max-video-preview:-1"},"canonical":"https:\/\/venice8loft.it\/it\/","og_locale":"it_IT","og_type":"article","og_title":"8Loft Exlusive Residence - Appartamenti in affitto a Venezia","og_description":"Appartamenti vacanze in centro storico a Venezia nel sestiere di Santa Croce, a pochi passi da da Piazzale Roma.","og_url":"https:\/\/venice8loft.it\/it\/","og_site_name":"8loft","article_modified_time":"2021-02-19T16:35:16+00:00","og_image":[{"url":"http:\/\/venice8loft.it\/wp-content\/uploads\/2020\/07\/logobianco_ombra.png"}],"twitter_card":"summary_large_image","twitter_misc":{"Tempo di lettura stimato":"2 minuti"},"schema":{"@context":"https:\/\/schema.org","@graph":[{"@type":"Organization","@id":"https:\/\/www.venice8loft.it\/#organization","name":"8Loft","url":"https:\/\/www.venice8loft.it\/","sameAs":[],"logo":{"@type":"ImageObject","@id":"https:\/\/www.venice8loft.it\/#logo","inLanguage":"it-IT","url":"https:\/\/www.venice8loft.it\/wp-content\/uploads\/2020\/10\/icona8loft.jpg","contentUrl":"https:\/\/www.venice8loft.it\/wp-content\/uploads\/2020\/10\/icona8loft.jpg","width":1109,"height":1109,"caption":"8Loft"},"image":{"@id":"https:\/\/www.venice8loft.it\/#logo"}},{"@type":"WebSite","@id":"https:\/\/www.venice8loft.it\/#website","url":"https:\/\/www.venice8loft.it\/","name":"8loft","description":"Exclusive Residence","publisher":{"@id":"https:\/\/www.venice8loft.it\/#organization"},"potentialAction":[{"@type":"SearchAction","target":{"@type":"EntryPoint","urlTemplate":"https:\/\/www.venice8loft.it\/?s={search_term_string}"},"query-input":"required name=search_term_string"}],"inLanguage":"it-IT"},{"@type":"ImageObject","@id":"https:\/\/venice8loft.it\/it\/#primaryimage","inLanguage":"it-IT","url":"http:\/\/venice8loft.it\/wp-content\/uploads\/2020\/07\/logobianco_ombra.png","contentUrl":"http:\/\/venice8loft.it\/wp-content\/uploads\/2020\/07\/logobianco_ombra.png"},{"@type":"WebPage","@id":"https:\/\/venice8loft.it\/it\/#webpage","url":"https:\/\/venice8loft.it\/it\/","name":"8Loft Exlusive Residence - Appartamenti in affitto a Venezia","isPartOf":{"@id":"https:\/\/www.venice8loft.it\/#website"},"primaryImageOfPage":{"@id":"https:\/\/venice8loft.it\/it\/#primaryimage"},"datePublished":"2020-06-29T08:02:23+00:00","dateModified":"2021-02-19T16:35:16+00:00","description":"Appartamenti vacanze in centro storico a Venezia nel sestiere di Santa Croce, a pochi passi da da Piazzale Roma.","breadcrumb":{"@id":"https:\/\/venice8loft.it\/it\/#breadcrumb"},"inLanguage":"it-IT","potentialAction":[{"@type":"ReadAction","target":["https:\/\/venice8loft.it\/it\/"]}]},{"@type":"BreadcrumbList","@id":"https:\/\/venice8loft.it\/it\/#breadcrumb","itemListElement":[{"@type":"ListItem","position":1,"name":"Home","item":"https:\/\/venice8loft.it\/it\/"},{"@type":"ListItem","position":2,"name":"home"}]}]}},"_links":{"self":[{"href":"https:\/\/venice8loft.it\/it\/wp-json\/wp\/v2\/pages\/9"}],"collection":[{"href":"https:\/\/venice8loft.it\/it\/wp-json\/wp\/v2\/pages"}],"about":[{"href":"https:\/\/venice8loft.it\/it\/wp-json\/wp\/v2\/types\/page"}],"author":[{"embeddable":true,"href":"https:\/\/venice8loft.it\/it\/wp-json\/wp\/v2\/users\/2"}],"replies":[{"embeddable":true,"href":"https:\/\/venice8loft.it\/it\/wp-json\/wp\/v2\/comments?post=9"}],"version-history":[{"count":79,"href":"https:\/\/venice8loft.it\/it\/wp-json\/wp\/v2\/pages\/9\/revisions"}],"predecessor-version":[{"id":1271,"href":"https:\/\/venice8loft.it\/it\/wp-json\/wp\/v2\/pages\/9\/revisions\/1271"}],"wp:attachment":[{"href":"https:\/\/venice8loft.it\/it\/wp-json\/wp\/v2\/media?parent=9"}],"curies":[{"name":"wp","href":"https:\/\/api.w.org\/{rel}","templated":true}]}}